{"id":178,"date":"2014-05-29T15:10:24","date_gmt":"2014-05-29T15:10:24","guid":{"rendered":"http:\/\/3d-contournet.eu\/interaction2014\/?page_id=178"},"modified":"2014-07-01T12:06:35","modified_gmt":"2014-07-01T12:06:35","slug":"social-events","status":"publish","type":"page","link":"https:\/\/3d-contournet.eu\/interaction2014\/social-events\/","title":{"rendered":"Social events"},"content":{"rendered":"<h4>Sunday, June 29 \u2013 Boat reception<\/h4>\n<p>As the first social event of the training school we offer a boat cruise dinner on the Danube with the <a href=\"http:\/\/armadahajozas.hu\/en\/primus-rendezvenyhajo\/\">Primus boat<\/a>.\u00a0The Primus Event Boat is a perfect venue for a social event, thanks to its sophisticated interior design, appearance, flooring, curtains and modern technical equipment.\u00a0Guests can enjoy the beautiful panorama of Budapest from three decks.\u00a0The interiors are air conditioned and heated.<\/p>\n<p><a href=\"http:\/\/3d-contournet.eu\/interaction2014\/wp-content\/uploads\/2014\/05\/boat1.jpg\"><img decoding=\"async\" loading=\"lazy\" class=\"alignnone  wp-image-193\" alt=\"boat1\" src=\"http:\/\/3d-contournet.eu\/interaction2014\/wp-content\/uploads\/2014\/05\/boat1-300x225.jpg\" width=\"270\" height=\"203\" srcset=\"https:\/\/3d-contournet.eu\/interaction2014\/wp-content\/uploads\/2014\/05\/boat1-300x225.jpg 300w, https:\/\/3d-contournet.eu\/interaction2014\/wp-content\/uploads\/2014\/05\/boat1-100x75.jpg 100w, https:\/\/3d-contournet.eu\/interaction2014\/wp-content\/uploads\/2014\/05\/boat1-150x112.jpg 150w, https:\/\/3d-contournet.eu\/interaction2014\/wp-content\/uploads\/2014\/05\/boat1-200x150.jpg 200w, https:\/\/3d-contournet.eu\/interaction2014\/wp-content\/uploads\/2014\/05\/boat1-450x337.jpg 450w, https:\/\/3d-contournet.eu\/interaction2014\/wp-content\/uploads\/2014\/05\/boat1-600x450.jpg 600w, https:\/\/3d-contournet.eu\/interaction2014\/wp-content\/uploads\/2014\/05\/boat1.jpg 800w\" sizes=\"auto, (max-width: 270px) 100vw, 270px\" \/>\u00a0<\/a><a href=\"http:\/\/3d-contournet.eu\/interaction2014\/wp-content\/uploads\/2014\/05\/boat2.jpg\"><img decoding=\"async\" loading=\"lazy\" class=\"alignnone  wp-image-194\" alt=\"OLYMPUS DIGITAL CAMERA\" src=\"http:\/\/3d-contournet.eu\/interaction2014\/wp-content\/uploads\/2014\/05\/boat2-300x225.jpg\" width=\"270\" height=\"203\" srcset=\"https:\/\/3d-contournet.eu\/interaction2014\/wp-content\/uploads\/2014\/05\/boat2-300x225.jpg 300w, https:\/\/3d-contournet.eu\/interaction2014\/wp-content\/uploads\/2014\/05\/boat2-100x75.jpg 100w, https:\/\/3d-contournet.eu\/interaction2014\/wp-content\/uploads\/2014\/05\/boat2-150x112.jpg 150w, https:\/\/3d-contournet.eu\/interaction2014\/wp-content\/uploads\/2014\/05\/boat2-200x150.jpg 200w, https:\/\/3d-contournet.eu\/interaction2014\/wp-content\/uploads\/2014\/05\/boat2-450x337.jpg 450w, https:\/\/3d-contournet.eu\/interaction2014\/wp-content\/uploads\/2014\/05\/boat2-600x450.jpg 600w, https:\/\/3d-contournet.eu\/interaction2014\/wp-content\/uploads\/2014\/05\/boat2.jpg 800w\" sizes=\"auto, (max-width: 270px) 100vw, 270px\" \/><\/a><\/p>\n<p>Web: <a href=\"http:\/\/armadahajozas.hu\/en\/primus-rendezvenyhajo\/\">About the boat<br \/>\n<\/a>Meet: 19:30 at <a href=\"https:\/\/www.google.hu\/maps\/place\/Szent+Gell%C3%A9rt+t%C3%A9r+M+%28Szabads%C3%A1g+h%C3%ADd%29\/@47.4839612,19.053418,17z\/data=!4m7!1m4!3m3!1s0x4741dc4e723bd09f:0xf31a08e366ba450a!2zU3plbnQgR2VsbMOpcnQgdMOpcg!3b1!3m1!1s0x4741dc4e6828f29d:0xf0aa636e25e56017\">Szent Gell\u00e9rt t\u00e9r port<\/a>\u00a0 (3 min walk from BME). Boat leaves at 19:45.<\/p>\n<h4>Monday, June 30 &#8211; Dinner at Symbol Restaurant<\/h4>\n<p>On Monday evening, there will be a dinner at <a href=\"http:\/\/www.symbolbudapest.hu\">Symbol Restaurant<\/a>. Symbol is a\u00a0modern restaurant with fine dining cuisine in Buda part of the city.<\/p>\n<p><a href=\"http:\/\/3d-contournet.eu\/interaction2014\/wp-content\/uploads\/2014\/05\/ita1.jpg\"><img decoding=\"async\" loading=\"lazy\" class=\"alignnone  wp-image-188\" alt=\"ita1\" src=\"http:\/\/3d-contournet.eu\/interaction2014\/wp-content\/uploads\/2014\/05\/ita1-300x199.jpg\" width=\"270\" height=\"179\" srcset=\"https:\/\/3d-contournet.eu\/interaction2014\/wp-content\/uploads\/2014\/05\/ita1-300x199.jpg 300w, https:\/\/3d-contournet.eu\/interaction2014\/wp-content\/uploads\/2014\/05\/ita1-100x66.jpg 100w, https:\/\/3d-contournet.eu\/interaction2014\/wp-content\/uploads\/2014\/05\/ita1-150x99.jpg 150w, https:\/\/3d-contournet.eu\/interaction2014\/wp-content\/uploads\/2014\/05\/ita1-200x132.jpg 200w, https:\/\/3d-contournet.eu\/interaction2014\/wp-content\/uploads\/2014\/05\/ita1-450x298.jpg 450w, https:\/\/3d-contournet.eu\/interaction2014\/wp-content\/uploads\/2014\/05\/ita1-600x398.jpg 600w, https:\/\/3d-contournet.eu\/interaction2014\/wp-content\/uploads\/2014\/05\/ita1.jpg 640w\" sizes=\"auto, (max-width: 270px) 100vw, 270px\" \/><\/a> <a href=\"http:\/\/3d-contournet.eu\/interaction2014\/wp-content\/uploads\/2014\/05\/ita2.jpg\"><img decoding=\"async\" loading=\"lazy\" class=\"alignnone  wp-image-189\" alt=\"ita2\" src=\"http:\/\/3d-contournet.eu\/interaction2014\/wp-content\/uploads\/2014\/05\/ita2-300x199.jpg\" width=\"270\" height=\"179\" srcset=\"https:\/\/3d-contournet.eu\/interaction2014\/wp-content\/uploads\/2014\/05\/ita2-300x199.jpg 300w, https:\/\/3d-contournet.eu\/interaction2014\/wp-content\/uploads\/2014\/05\/ita2-100x66.jpg 100w, https:\/\/3d-contournet.eu\/interaction2014\/wp-content\/uploads\/2014\/05\/ita2-150x99.jpg 150w, https:\/\/3d-contournet.eu\/interaction2014\/wp-content\/uploads\/2014\/05\/ita2-200x132.jpg 200w, https:\/\/3d-contournet.eu\/interaction2014\/wp-content\/uploads\/2014\/05\/ita2-450x298.jpg 450w, https:\/\/3d-contournet.eu\/interaction2014\/wp-content\/uploads\/2014\/05\/ita2-600x398.jpg 600w, https:\/\/3d-contournet.eu\/interaction2014\/wp-content\/uploads\/2014\/05\/ita2.jpg 640w\" sizes=\"auto, (max-width: 270px) 100vw, 270px\" \/><\/a><\/p>\n<p>Address:<br \/>\nB\u00e9csi \u00fat 56<br \/>\nBudapest H-1036<\/p>\n<p>Contact:<br \/>\nPhone: +36-1-333-5656<br \/>\nWeb: <a href=\"http:\/\/www.symbolbudapest.hu\/ItalianFusionRestaurant\">About the restaurant<\/a><\/p>\n<p>Schedule: a shuttle bus will start at 19:45 in front of BME K building. Dinner starts at 20:00. Expect to be back at BME around 22:15.<\/p>\n<h4>Tuesday, July 1 &#8211; VIP 3D movie screening<\/h4>\n<p>We will organise a 3D movie screening in the VIP Room of <a href=\"http:\/\/www.imaxbudapest.hu\">Cinema City Arena Budapest<\/a>. The VIP Room is meant for\u00a0the serious movie-buff who can&#8217;t wait to view favorite films and appreciate leather chairs and unlimited popcorn.<\/p>\n<p><a href=\"http:\/\/3d-contournet.eu\/interaction2014\/wp-content\/uploads\/2014\/05\/IMAX1.jpg\"><img decoding=\"async\" loading=\"lazy\" class=\"alignnone  wp-image-182\" alt=\"IMAX1\" src=\"http:\/\/3d-contournet.eu\/interaction2014\/wp-content\/uploads\/2014\/05\/IMAX1-300x200.jpg\" width=\"270\" height=\"180\" srcset=\"https:\/\/3d-contournet.eu\/interaction2014\/wp-content\/uploads\/2014\/05\/IMAX1-300x200.jpg 300w, https:\/\/3d-contournet.eu\/interaction2014\/wp-content\/uploads\/2014\/05\/IMAX1-100x66.jpg 100w, https:\/\/3d-contournet.eu\/interaction2014\/wp-content\/uploads\/2014\/05\/IMAX1-150x100.jpg 150w, https:\/\/3d-contournet.eu\/interaction2014\/wp-content\/uploads\/2014\/05\/IMAX1-200x133.jpg 200w, https:\/\/3d-contournet.eu\/interaction2014\/wp-content\/uploads\/2014\/05\/IMAX1-450x300.jpg 450w, https:\/\/3d-contournet.eu\/interaction2014\/wp-content\/uploads\/2014\/05\/IMAX1-600x400.jpg 600w, https:\/\/3d-contournet.eu\/interaction2014\/wp-content\/uploads\/2014\/05\/IMAX1.jpg 709w\" sizes=\"auto, (max-width: 270px) 100vw, 270px\" \/><\/a>\u00a0<a href=\"http:\/\/3d-contournet.eu\/interaction2014\/wp-content\/uploads\/2014\/05\/IMAX2.jpg\"><img decoding=\"async\" loading=\"lazy\" class=\"alignnone  wp-image-183\" alt=\"IMAX2\" src=\"http:\/\/3d-contournet.eu\/interaction2014\/wp-content\/uploads\/2014\/05\/IMAX2-300x200.jpg\" width=\"270\" height=\"180\" srcset=\"https:\/\/3d-contournet.eu\/interaction2014\/wp-content\/uploads\/2014\/05\/IMAX2-300x200.jpg 300w, https:\/\/3d-contournet.eu\/interaction2014\/wp-content\/uploads\/2014\/05\/IMAX2-1024x683.jpg 1024w, https:\/\/3d-contournet.eu\/interaction2014\/wp-content\/uploads\/2014\/05\/IMAX2-100x66.jpg 100w, https:\/\/3d-contournet.eu\/interaction2014\/wp-content\/uploads\/2014\/05\/IMAX2-150x100.jpg 150w, https:\/\/3d-contournet.eu\/interaction2014\/wp-content\/uploads\/2014\/05\/IMAX2-200x133.jpg 200w, https:\/\/3d-contournet.eu\/interaction2014\/wp-content\/uploads\/2014\/05\/IMAX2-450x300.jpg 450w, https:\/\/3d-contournet.eu\/interaction2014\/wp-content\/uploads\/2014\/05\/IMAX2-600x400.jpg 600w, https:\/\/3d-contournet.eu\/interaction2014\/wp-content\/uploads\/2014\/05\/IMAX2-900x600.jpg 900w, https:\/\/3d-contournet.eu\/interaction2014\/wp-content\/uploads\/2014\/05\/IMAX2.jpg 1181w\" sizes=\"auto, (max-width: 270px) 100vw, 270px\" \/><\/a><\/p>\n<p>Address:<br \/>\nCinema City Ar\u00e9na<br \/>\nArena Plaza Mall<br \/>\nKerepesi \u00fat 9<br \/>\nBudapest, H-1087<\/p>\n<p>Contact:<br \/>\nPhone: +36-40-600-600<br \/>\nWeb: <a href=\"http:\/\/www.cinemacity.hu\/en\/vip\">About the VIP Room<br \/>\n<\/a>Time from summer school venue: <a href=\"https:\/\/www.google.hu\/maps\/dir\/Budapest+University+of+Technology+and+Economics,+Budapest,+M%C5%B1egyetem+rakpart\/arena+plaza\/@47.4956727,19.0723104,13z\/am=t\/data=!4m19!4m18!1m5!1m1!1s0x4741dc5248d011bb:0xa07109d84bcf1e85!2m2!1d19.0563641!2d47.481605!1m5!1m1!1s0x4741dc891584dac5:0x262e422f76835d4!2m2!1d19.091596!2d47.49845!2m3!6e5!7e2!8j1404242100!3e3!5i4?hl=en\">20 minutes by metro M4<\/a>. Please note that you need a valid pass or 2 tickets to use the metro (one to the cinema and one back).\u00a0 There are no ticket machines at the Szent Gell\u00e9rt t\u00e9r metro station (closest to BME). If you want to buy tickets, you should cross Szabads\u00e1g hid, buy tickets at the F\u0151v\u00e1m t\u00e9r underground station, and board M4 there.<\/p>\n<p>Schedule:<br \/>\nWe meet in the cinema lobby at 19:15. VIP buffet is open from 19:30. Buffet includes cold finger food, nachos, popcorn, beer, wine, sparkling wine, and soft drinks. Movie screening starts at 20:00, and expected to finish at 22:45.\u00a0 Make sure to leave after the screening is over, as public transport services stop around 23:20, after which you are left with night buses.<\/p>\n<p>A group of people will start together from BME at 18:40, via Szent Gell\u00e9rt t\u00e9r.<\/p>\n<h4>Sunday morning, June 29 \u2013 Pre-school cave visit<\/h4>\n<p>For those who arrive on Saturday, and want to spend Sunday morning seeing an exciting piece of nature, we have organized a visit to Szeml\u0151-hegyi cave, which is a unique cave in the Buda hills, also called &#8220;underground flower garden&#8221; due to the stone formations found in the cave. The public part of the cave can be conveniently visited on foot on safe pavements, however the temperature is constant 12 degrees Celsius, so long sleeves are highly recommended inside the cave.\u00a0 English guidance will be provided.<\/p>\n<p><a href=\"http:\/\/3d-contournet.eu\/interaction2014\/wp-content\/uploads\/2014\/05\/cave1.jpeg\"><img decoding=\"async\" loading=\"lazy\" class=\"alignnone  wp-image-206\" alt=\"cave1\" src=\"http:\/\/3d-contournet.eu\/interaction2014\/wp-content\/uploads\/2014\/05\/cave1.jpeg\" width=\"256\" height=\"341\" srcset=\"https:\/\/3d-contournet.eu\/interaction2014\/wp-content\/uploads\/2014\/05\/cave1.jpeg 400w, https:\/\/3d-contournet.eu\/interaction2014\/wp-content\/uploads\/2014\/05\/cave1-225x300.jpeg 225w, https:\/\/3d-contournet.eu\/interaction2014\/wp-content\/uploads\/2014\/05\/cave1-100x133.jpeg 100w, https:\/\/3d-contournet.eu\/interaction2014\/wp-content\/uploads\/2014\/05\/cave1-150x199.jpeg 150w, https:\/\/3d-contournet.eu\/interaction2014\/wp-content\/uploads\/2014\/05\/cave1-200x266.jpeg 200w, https:\/\/3d-contournet.eu\/interaction2014\/wp-content\/uploads\/2014\/05\/cave1-300x399.jpeg 300w\" sizes=\"auto, (max-width: 256px) 100vw, 256px\" \/><\/a> <a href=\"http:\/\/3d-contournet.eu\/interaction2014\/wp-content\/uploads\/2014\/05\/cave2.jpeg\"><img decoding=\"async\" loading=\"lazy\" class=\"alignnone  wp-image-207\" alt=\"cave2\" src=\"http:\/\/3d-contournet.eu\/interaction2014\/wp-content\/uploads\/2014\/05\/cave2.jpeg\" width=\"256\" height=\"341\" srcset=\"https:\/\/3d-contournet.eu\/interaction2014\/wp-content\/uploads\/2014\/05\/cave2.jpeg 400w, https:\/\/3d-contournet.eu\/interaction2014\/wp-content\/uploads\/2014\/05\/cave2-225x300.jpeg 225w, https:\/\/3d-contournet.eu\/interaction2014\/wp-content\/uploads\/2014\/05\/cave2-100x133.jpeg 100w, https:\/\/3d-contournet.eu\/interaction2014\/wp-content\/uploads\/2014\/05\/cave2-150x199.jpeg 150w, https:\/\/3d-contournet.eu\/interaction2014\/wp-content\/uploads\/2014\/05\/cave2-200x266.jpeg 200w, https:\/\/3d-contournet.eu\/interaction2014\/wp-content\/uploads\/2014\/05\/cave2-300x399.jpeg 300w\" sizes=\"auto, (max-width: 256px) 100vw, 256px\" \/><\/a><\/p>\n<p>Address:<br \/>\nSzeml\u0151-hegyi cave<br \/>\nPusztaszeri \u00fat 35.<br \/>\nBudapest, H-1025<\/p>\n<p>Contact:<br \/>\nPhone: +36 1 325-6001 <br style=\"color: #000000;\" \/> Web: <a href=\"http:\/\/www.dinpi.hu\/index.php?pg=menu_2079\">Duna-Ipoly National Park <\/a>\u00a0\u00a0 <a href=\"http:\/\/szemlohegyi.atw.hu\/\">Szeml\u0151-hegyi barlang<\/a><br \/>\nTime from summer school venue: <a href=\"https:\/\/www.google.hu\/maps\/dir\/Budapest+University+of+Technology+and+Economics,+Budapest,+M%C5%B1egyetem+rakpart\/Szeml%C5%91-hegyi-barlang,+1025+Budapest,+Pusztaszeri+%C3%BAt+35\/@47.5144849,19.0317095,12z\/am=t\/data=!4m19!4m18!1m5!1m1!1s0x4741dc5248d011bb:0xa07109d84bcf1e85!2m2!1d19.0563641!2d47.481605!1m5!1m1!1s0x4741d94de5fa5bff:0xab5cb9d510af4e8f!2m2!1d19.02501!2d47.528154!2m3!6e5!7e2!8j1404035400!3e3!5i5?hl=en\">50 minutes <\/a><br \/>\nPlease indicate your participation <a href=\"http:\/\/doodle.com\/udbbxhf254ur9yas\">here<\/a><\/p>\n<p>Schedule:<br \/>\nThe tour starts at 10AM sharp, and lasts ~40 minutes.<br \/>\nParticipants will meet at 8:30AM at the venue of the Summer School (BME) and go together to the cave using public transport, or meet directly in front of the cave at 9:50 AM. After the visit, participants will travel together to BME for registration for the school.<\/p>\n<p>As this activity is not part of the school, tickets will be purchased by participants on the spot (1150 HUF, can be paid by card). Also to use\u00a0 public transport facilities, participants should have 2&#215;2 tickets or a pass ready. If you&#8217;d like organizers to arrange all the necessary tickets for you (public transport + cave for 8 EUR), please indicate so in the <a href=\"http:\/\/doodle.com\/udbbxhf254ur9yas\">participation form<\/a>, and meet us at BME where we can hand them over.<\/p>\n","protected":false},"excerpt":{"rendered":"<p>Sunday, June 29 \u2013 Boat reception As the first social event of the training school we offer a boat cruise dinner on the Danube with the Primus boat.\u00a0The Primus Event Boat is a perfect venue for a social event, thanks &hellip;<\/p>\n<p class=\"read-more\"> <a class=\"more-link\" href=\"https:\/\/3d-contournet.eu\/interaction2014\/social-events\/\"> <span class=\"screen-reader-text\">Social events<\/span> Read More &raquo;<\/a><\/p>\n","protected":false},"author":1,"featured_media":0,"parent":0,"menu_order":0,"comment_status":"closed","ping_status":"closed","template":"content-sidebar-page.php","meta":{"nf_dc_page":"","ngg_post_thumbnail":0,"footnotes":""},"class_list":["post-178","page","type-page","status-publish","hentry"],"_links":{"self":[{"href":"https:\/\/3d-contournet.eu\/interaction2014\/wp-json\/wp\/v2\/pages\/178","targetHints":{"allow":["GET"]}}],"collection":[{"href":"https:\/\/3d-contournet.eu\/interaction2014\/wp-json\/wp\/v2\/pages"}],"about":[{"href":"https:\/\/3d-contournet.eu\/interaction2014\/wp-json\/wp\/v2\/types\/page"}],"author":[{"embeddable":true,"href":"https:\/\/3d-contournet.eu\/interaction2014\/wp-json\/wp\/v2\/users\/1"}],"replies":[{"embeddable":true,"href":"https:\/\/3d-contournet.eu\/interaction2014\/wp-json\/wp\/v2\/comments?post=178"}],"version-history":[{"count":33,"href":"https:\/\/3d-contournet.eu\/interaction2014\/wp-json\/wp\/v2\/pages\/178\/revisions"}],"predecessor-version":[{"id":296,"href":"https:\/\/3d-contournet.eu\/interaction2014\/wp-json\/wp\/v2\/pages\/178\/revisions\/296"}],"wp:attachment":[{"href":"https:\/\/3d-contournet.eu\/interaction2014\/wp-json\/wp\/v2\/media?parent=178"}],"curies":[{"name":"wp","href":"https:\/\/api.w.org\/{rel}","templated":true}]}}