{"id":23,"date":"2014-03-03T14:46:14","date_gmt":"2014-03-03T14:46:14","guid":{"rendered":"http:\/\/3d-contournet.eu\/interaction2014\/?page_id=23"},"modified":"2014-04-17T08:54:09","modified_gmt":"2014-04-17T08:54:09","slug":"organisation","status":"publish","type":"page","link":"https:\/\/3d-contournet.eu\/interaction2014\/organisation\/","title":{"rendered":"Organisation"},"content":{"rendered":"<h3>Training School Chairs<\/h3>\n<p><strong>Prof Atanas Gotchev<\/strong><br \/>\nDepartment of Signal Processing, Tampere University of Technology<\/p>\n<p><strong>Peter Kovacs<\/strong><br \/>\nCTO, Holografika KFT<\/p>\n<h3>Steering Committee<\/h3>\n<p><strong>Prof Pedro Assuncao<br \/>\n<\/strong>Instituto de Telecommunica\u00e7\u00f5es,\u00a0Leiria<\/p>\n<p><strong>Prof M\u00e5rten Sj\u00f6str\u00f6m<\/strong><br \/>\nFaculty of Science, Technology and Media, Mid Sweden University<\/p>\n<p><strong>Prof Paulo Nunes<\/strong><br \/>\nUniversity Institute of Lisbon, Portugal<\/p>\n","protected":false},"excerpt":{"rendered":"<p>Training School Chairs Prof Atanas Gotchev Department of Signal Processing, Tampere University of Technology Peter Kovacs CTO, Holografika KFT Steering Committee Prof Pedro Assuncao Instituto de Telecommunica\u00e7\u00f5es,\u00a0Leiria Prof M\u00e5rten Sj\u00f6str\u00f6m Faculty of Science, Technology and Media, Mid Sweden University Prof &hellip;<\/p>\n<p class=\"read-more\"> <a class=\"more-link\" href=\"https:\/\/3d-contournet.eu\/interaction2014\/organisation\/\"> <span class=\"screen-reader-text\">Organisation<\/span> Read More &raquo;<\/a><\/p>\n","protected":false},"author":1,"featured_media":0,"parent":0,"menu_order":0,"comment_status":"closed","ping_status":"closed","template":"content-sidebar-page.php","meta":{"nf_dc_page":"","ngg_post_thumbnail":0,"footnotes":""},"class_list":["post-23","page","type-page","status-publish","hentry"],"_links":{"self":[{"href":"https:\/\/3d-contournet.eu\/interaction2014\/wp-json\/wp\/v2\/pages\/23","targetHints":{"allow":["GET"]}}],"collection":[{"href":"https:\/\/3d-contournet.eu\/interaction2014\/wp-json\/wp\/v2\/pages"}],"about":[{"href":"https:\/\/3d-contournet.eu\/interaction2014\/wp-json\/wp\/v2\/types\/page"}],"author":[{"embeddable":true,"href":"https:\/\/3d-contournet.eu\/interaction2014\/wp-json\/wp\/v2\/users\/1"}],"replies":[{"embeddable":true,"href":"https:\/\/3d-contournet.eu\/interaction2014\/wp-json\/wp\/v2\/comments?post=23"}],"version-history":[{"count":5,"href":"https:\/\/3d-contournet.eu\/interaction2014\/wp-json\/wp\/v2\/pages\/23\/revisions"}],"predecessor-version":[{"id":49,"href":"https:\/\/3d-contournet.eu\/interaction2014\/wp-json\/wp\/v2\/pages\/23\/revisions\/49"}],"wp:attachment":[{"href":"https:\/\/3d-contournet.eu\/interaction2014\/wp-json\/wp\/v2\/media?parent=23"}],"curies":[{"name":"wp","href":"https:\/\/api.w.org\/{rel}","templated":true}]}}